{"id":10,"date":"2022-09-01T10:38:15","date_gmt":"2022-09-01T08:38:15","guid":{"rendered":"https:\/\/radiovidaeterna.net\/?page_id=10"},"modified":"2026-03-15T06:59:56","modified_gmt":"2026-03-15T04:59:56","slug":"home","status":"publish","type":"page","link":"https:\/\/radiovidaeterna.net\/radio\/","title":{"rendered":"Al Aire"},"content":{"rendered":"\n<div style=\"height:25px\" aria-hidden=\"true\" class=\"wp-block-spacer\"><\/div>\n\n\n\n<div class=\"wp-block-cover is-light\" style=\"min-height:549px;aspect-ratio:unset;\"><span aria-hidden=\"true\" class=\"wp-block-cover__background has-luminous-vivid-amber-background-color has-background-dim-100 has-background-dim\"><\/span><div class=\"wp-block-cover__inner-container is-layout-constrained wp-block-cover-is-layout-constrained\">\n<div style=\"height:25px\" aria-hidden=\"true\" class=\"wp-block-spacer\"><\/div>\n\n\n\n<!-- FB Like Box -->\n<center>\n<iframe loading=\"lazy\" src=\"https:\/\/www.facebook.com\/plugins\/like.php?href=https%3A%2F%2Fwww.facebook.com%2FRadio-vida-eterna-107587817640530%2F&amp;width=450&amp;layout=standard&amp;action=like&amp;size=small&amp;share=true&amp;height=35&amp;appId=361948841040206\" width=\"450\" height=\"35\" style=\"border:none;overflow:hidden\" scrolling=\"no\" frameborder=\"0\" allowfullscreen=\"true\" allow=\"autoplay; clipboard-write; encrypted-media; picture-in-picture; web-share\"><\/iframe>\n<\/center>\n<!-- end FB Like Box -->\n\n\n\n\n\n<center>\n<iframe src=\"https:\/\/tunein.com\/embed\/player\/s339830\/\" style=\"width:100%; height:100px;\" scrolling=\"no\" frameborder=\"no\"><\/iframe>\n<\/center>\n\n\n\n<div style=\"height:15px\" aria-hidden=\"true\" class=\"wp-block-spacer\"><\/div>\n\n\n\n<center>\n<iframe loading=\"lazy\" src=\"https:\/\/www3.cbox.ws\/box\/?boxid=3520814&amp;boxtag=1dbCpC\" width=\"100%\" height=\"450\" allowtransparency=\"yes\" allow=\"autoplay\" frameborder=\"0\" marginheight=\"0\" marginwidth=\"0\" scrolling=\"auto\"><\/iframe>\t\n<\/center>\n\n\n\n<div style=\"height:25px\" aria-hidden=\"true\" class=\"wp-block-spacer\"><\/div>\n\n\n\n<div style=\"height:25px\" aria-hidden=\"true\" class=\"wp-block-spacer\"><\/div>\n<\/div><\/div>\n\n\n\n<div style=\"height:50px\" aria-hidden=\"true\" class=\"wp-block-spacer\"><\/div>\n\n\n\n<div class=\"wp-block-columns is-layout-flex wp-container-core-columns-is-layout-9d6595d7 wp-block-columns-is-layout-flex\">\n<div class=\"wp-block-column is-layout-flow wp-block-column-is-layout-flow\"><div class=\"wp-block-image\">\n<figure class=\"aligncenter size-full\"><img loading=\"lazy\" decoding=\"async\" width=\"1024\" height=\"1024\" src=\"https:\/\/radiovidaeterna.net\/radio\/wp-content\/uploads\/jesus-en-la-tormenta.jpg\" alt=\"No importa la tormenta, El Se\u00f1or est\u00e1 contigo\" class=\"wp-image-177\" srcset=\"https:\/\/radiovidaeterna.net\/radio\/wp-content\/uploads\/jesus-en-la-tormenta.jpg 1024w, https:\/\/radiovidaeterna.net\/radio\/wp-content\/uploads\/jesus-en-la-tormenta-300x300.jpg 300w, https:\/\/radiovidaeterna.net\/radio\/wp-content\/uploads\/jesus-en-la-tormenta-150x150.jpg 150w, https:\/\/radiovidaeterna.net\/radio\/wp-content\/uploads\/jesus-en-la-tormenta-768x768.jpg 768w, https:\/\/radiovidaeterna.net\/radio\/wp-content\/uploads\/jesus-en-la-tormenta-90x90.jpg 90w, https:\/\/radiovidaeterna.net\/radio\/wp-content\/uploads\/jesus-en-la-tormenta-75x75.jpg 75w, https:\/\/radiovidaeterna.net\/radio\/wp-content\/uploads\/jesus-en-la-tormenta-100x100.jpg 100w, https:\/\/radiovidaeterna.net\/radio\/wp-content\/uploads\/jesus-en-la-tormenta-500x500.jpg 500w, https:\/\/radiovidaeterna.net\/radio\/wp-content\/uploads\/jesus-en-la-tormenta-50x50.jpg 50w\" sizes=\"auto, (max-width: 1024px) 100vw, 1024px\" \/><figcaption class=\"wp-element-caption\"><em>No importa la tormenta, El Se\u00f1or est\u00e1 contigo<\/em><\/figcaption><\/figure>\n<\/div><\/div>\n<\/div>\n\n\n\n<div style=\"height:50px\" aria-hidden=\"true\" class=\"wp-block-spacer\"><\/div>\n\n\n","protected":false},"excerpt":{"rendered":"<div class=\"mh-excerpt\"><p><!-- wp:paragraph --><\/p>\n<p>Somos la estaci\u00f3n online para la gloria de Dios<\/p>\n<p><!-- \/wp:paragraph --><\/p>\n<p><!-- wp:paragraph --><\/p>\n<p>Transmitimos desde Italia para el mundo entero a trav\u00e9s de Internet, las 24 horas del d\u00eda, los 7 d\u00edas de la semana, con la mejor programaci\u00f3n para el servicio de Dios<\/p>\n<p><!-- \/wp:paragraph --><\/p>\n<\/div>","protected":false},"author":2,"featured_media":0,"parent":0,"menu_order":0,"comment_status":"closed","ping_status":"closed","template":"","meta":{"footnotes":""},"class_list":["post-10","page","type-page","status-publish","hentry"],"_links":{"self":[{"href":"https:\/\/radiovidaeterna.net\/radio\/wp-json\/wp\/v2\/pages\/10","targetHints":{"allow":["GET"]}}],"collection":[{"href":"https:\/\/radiovidaeterna.net\/radio\/wp-json\/wp\/v2\/pages"}],"about":[{"href":"https:\/\/radiovidaeterna.net\/radio\/wp-json\/wp\/v2\/types\/page"}],"author":[{"embeddable":true,"href":"https:\/\/radiovidaeterna.net\/radio\/wp-json\/wp\/v2\/users\/2"}],"replies":[{"embeddable":true,"href":"https:\/\/radiovidaeterna.net\/radio\/wp-json\/wp\/v2\/comments?post=10"}],"version-history":[{"count":65,"href":"https:\/\/radiovidaeterna.net\/radio\/wp-json\/wp\/v2\/pages\/10\/revisions"}],"predecessor-version":[{"id":338,"href":"https:\/\/radiovidaeterna.net\/radio\/wp-json\/wp\/v2\/pages\/10\/revisions\/338"}],"wp:attachment":[{"href":"https:\/\/radiovidaeterna.net\/radio\/wp-json\/wp\/v2\/media?parent=10"}],"curies":[{"name":"wp","href":"https:\/\/api.w.org\/{rel}","templated":true}]}}